{"id":142,"date":"2020-07-16T05:53:20","date_gmt":"2020-07-16T05:53:20","guid":{"rendered":"https:\/\/papas-locas.com\/index.php\/testimonial\/"},"modified":"2023-11-23T03:06:18","modified_gmt":"2023-11-23T03:06:18","slug":"testimonial","status":"publish","type":"page","link":"https:\/\/papas-locas.com\/index.php\/testimonial\/","title":{"rendered":"Testimonial"},"content":{"rendered":"\t\t<div data-elementor-type=\"wp-page\" data-elementor-id=\"142\" class=\"elementor elementor-142\">\n\t\t\t\t<div class=\"elementor-element elementor-element-c95fb90 e-flex e-con-boxed wpr-particle-no wpr-jarallax-no wpr-parallax-no wpr-sticky-section-no wpr-equal-height-no e-con e-parent\" data-id=\"c95fb90\" data-element_type=\"container\" data-e-type=\"container\" data-settings=\"{&quot;background_background&quot;:&quot;classic&quot;}\">\n\t\t\t\t\t<div class=\"e-con-inner\">\n\t\t<div class=\"elementor-element elementor-element-a4ade44 e-con-full e-flex wpr-particle-no wpr-jarallax-no wpr-parallax-no wpr-sticky-section-no wpr-equal-height-no e-con e-child\" data-id=\"a4ade44\" data-element_type=\"container\" data-e-type=\"container\">\n\t\t\t\t<div class=\"elementor-element elementor-element-4f9e7e4 elementor-widget elementor-widget-heading\" data-id=\"4f9e7e4\" data-element_type=\"widget\" data-e-type=\"widget\" data-widget_type=\"heading.default\">\n\t\t\t\t<div class=\"elementor-widget-container\">\n\t\t\t\t\t<h1 class=\"elementor-heading-title elementor-size-default\">Testimonial<\/h1>\t\t\t\t<\/div>\n\t\t\t\t<\/div>\n\t\t\t\t<div class=\"elementor-element elementor-element-ebe045f elementor-widget-divider--view-line elementor-widget elementor-widget-divider\" data-id=\"ebe045f\" data-element_type=\"widget\" data-e-type=\"widget\" data-widget_type=\"divider.default\">\n\t\t\t\t<div class=\"elementor-widget-container\">\n\t\t\t\t\t\t\t<div class=\"elementor-divider\">\n\t\t\t<span class=\"elementor-divider-separator\">\n\t\t\t\t\t\t<\/span>\n\t\t<\/div>\n\t\t\t\t\t\t<\/div>\n\t\t\t\t<\/div>\n\t\t\t\t<\/div>\n\t\t\t\t\t<\/div>\n\t\t\t\t<\/div>\n\t\t<div class=\"elementor-element elementor-element-05c7344 e-flex e-con-boxed wpr-particle-no wpr-jarallax-no wpr-parallax-no wpr-sticky-section-no wpr-equal-height-no e-con e-parent\" data-id=\"05c7344\" data-element_type=\"container\" data-e-type=\"container\">\n\t\t\t\t\t<div class=\"e-con-inner\">\n\t\t<div class=\"elementor-element elementor-element-bcc3071 e-con-full e-flex wpr-particle-no wpr-jarallax-no wpr-parallax-no wpr-sticky-section-no wpr-equal-height-no e-con e-child\" data-id=\"bcc3071\" data-element_type=\"container\" data-e-type=\"container\">\n\t\t<div class=\"elementor-element elementor-element-4732cdf e-con-full e-flex wpr-particle-no wpr-jarallax-no wpr-parallax-no wpr-sticky-section-no wpr-equal-height-no e-con e-child\" data-id=\"4732cdf\" data-element_type=\"container\" data-e-type=\"container\">\n\t\t<div class=\"elementor-element elementor-element-28d503a e-con-full e-flex wpr-particle-no wpr-jarallax-no wpr-parallax-no wpr-sticky-section-no wpr-equal-height-no e-con e-child\" data-id=\"28d503a\" data-element_type=\"container\" data-e-type=\"container\">\n\t\t\t\t<div class=\"elementor-element elementor-element-a80fe78 elementor-widget elementor-widget-heading\" data-id=\"a80fe78\" data-element_type=\"widget\" data-e-type=\"widget\" data-widget_type=\"heading.default\">\n\t\t\t\t<div class=\"elementor-widget-container\">\n\t\t\t\t\t<h2 class=\"elementor-heading-title elementor-size-default\">Lo que dicen nuestros clientes<\/h2>\t\t\t\t<\/div>\n\t\t\t\t<\/div>\n\t\t\t\t<div class=\"elementor-element elementor-element-56b6a9a elementor-widget elementor-widget-text-editor\" data-id=\"56b6a9a\" data-element_type=\"widget\" data-e-type=\"widget\" data-widget_type=\"text-editor.default\">\n\t\t\t\t<div class=\"elementor-widget-container\">\n\t\t\t\t\t\t\t\t\t<p>Aqu\u00ed estan los comentarios de quienes prueban nuestras delicias<\/p>\t\t\t\t\t\t\t\t<\/div>\n\t\t\t\t<\/div>\n\t\t\t\t<div class=\"elementor-element elementor-element-61dbad3 elementor-star-rating--align-start elementor--star-style-star_fontawesome elementor-widget elementor-widget-star-rating\" data-id=\"61dbad3\" data-element_type=\"widget\" data-e-type=\"widget\" data-widget_type=\"star-rating.default\">\n\t\t\t\t<div class=\"elementor-widget-container\">\n\t\t\t\t\t\t\t<div class=\"elementor-star-rating__wrapper\">\n\t\t\t\t\t\t\t<div class=\"elementor-star-rating__title\">4.8\/5<\/div>\n\t\t\t\t\t\t<div class=\"elementor-star-rating\" itemtype=\"http:\/\/schema.org\/Rating\" itemscope=\"\" itemprop=\"reviewRating\">\n\t\t\t\t<i class=\"elementor-star-full\" aria-hidden=\"true\">&#xE934;<\/i><i class=\"elementor-star-full\" aria-hidden=\"true\">&#xE934;<\/i><i class=\"elementor-star-full\" aria-hidden=\"true\">&#xE934;<\/i><i class=\"elementor-star-full\" aria-hidden=\"true\">&#xE934;<\/i><i class=\"elementor-star-8\" aria-hidden=\"true\">&#xE934;<\/i>\t\t\t\t<span itemprop=\"ratingValue\" class=\"elementor-screen-only\">Rated 4.8 out of 5<\/span>\n\t\t\t<\/div>\n\t\t<\/div>\n\t\t\t\t\t\t<\/div>\n\t\t\t\t<\/div>\n\t\t\t\t<div class=\"elementor-element elementor-element-2d0df43 elementor-widget elementor-widget-heading\" data-id=\"2d0df43\" data-element_type=\"widget\" data-e-type=\"widget\" data-widget_type=\"heading.default\">\n\t\t\t\t<div class=\"elementor-widget-container\">\n\t\t\t\t\t<h6 class=\"elementor-heading-title elementor-size-default\">Costumer's Rating<\/h6>\t\t\t\t<\/div>\n\t\t\t\t<\/div>\n\t\t\t\t<\/div>\n\t\t<div class=\"elementor-element elementor-element-5bcc6c2 e-con-full e-flex wpr-particle-no wpr-jarallax-no wpr-parallax-no wpr-sticky-section-no wpr-equal-height-no e-con e-child\" data-id=\"5bcc6c2\" data-element_type=\"container\" data-e-type=\"container\">\n\t\t\t\t<div class=\"elementor-element elementor-element-be960d9 elementor-view-default elementor-widget elementor-widget-icon\" data-id=\"be960d9\" data-element_type=\"widget\" data-e-type=\"widget\" data-widget_type=\"icon.default\">\n\t\t\t\t<div class=\"elementor-widget-container\">\n\t\t\t\t\t\t\t<div class=\"elementor-icon-wrapper\">\n\t\t\t<div class=\"elementor-icon\">\n\t\t\t<svg aria-hidden=\"true\" class=\"e-font-icon-svg e-fas-quote-left\" viewBox=\"0 0 512 512\" xmlns=\"http:\/\/www.w3.org\/2000\/svg\"><path d=\"M464 256h-80v-64c0-35.3 28.7-64 64-64h8c13.3 0 24-10.7 24-24V56c0-13.3-10.7-24-24-24h-8c-88.4 0-160 71.6-160 160v240c0 26.5 21.5 48 48 48h128c26.5 0 48-21.5 48-48V304c0-26.5-21.5-48-48-48zm-288 0H96v-64c0-35.3 28.7-64 64-64h8c13.3 0 24-10.7 24-24V56c0-13.3-10.7-24-24-24h-8C71.6 32 0 103.6 0 192v240c0 26.5 21.5 48 48 48h128c26.5 0 48-21.5 48-48V304c0-26.5-21.5-48-48-48z\"><\/path><\/svg>\t\t\t<\/div>\n\t\t<\/div>\n\t\t\t\t\t\t<\/div>\n\t\t\t\t<\/div>\n\t\t\t\t<div class=\"elementor-element elementor-element-98aafe6 has-text-align-left elementor-invisible elementor-widget elementor-widget-site_review\" data-id=\"98aafe6\" data-element_type=\"widget\" data-e-type=\"widget\" data-settings=\"{&quot;_animation&quot;:&quot;fadeInDown&quot;}\" data-widget_type=\"site_review.default\">\n\t\t\t\t<div class=\"elementor-widget-container\">\n\t\t\t\t\t<?xml encoding=\"utf-8\"?><div class=\"glsr-elementor-98aafe6 elementor-site-review\"><div class=\"glsr glsr-minimal\" id=\"glsr_khodmy3c\" data-from=\"elementor\" data-shortcode=\"site_review\" data-post_id=\"1104\"><div class=\"glsr-reviews-wrap\">\n    <div class=\"glsr-reviews\">\n        <div class=\"glsr-review\" data-id=\"1104\" data-type=\"local\" id=\"review-1104\" data-assigned=\"[]\">\n    <div class=\"glsr-review-title\"><h4 class=\"glsr-tag-value\">Muy ricas<\/h4><\/div>\n    <div class=\"glsr-review-rating\"><div class=\"glsr-star-rating glsr-stars\" role=\"img\" aria-label=\"Rated 5 out of 5 stars\" data-rating=\"5\" data-reviews=\"0\"><span class=\"glsr-star glsr-star-full\" aria-hidden=\"true\"><\/span><span class=\"glsr-star glsr-star-full\" aria-hidden=\"true\"><\/span><span class=\"glsr-star glsr-star-full\" aria-hidden=\"true\"><\/span><span class=\"glsr-star glsr-star-full\" aria-hidden=\"true\"><\/span><span class=\"glsr-star glsr-star-full\" aria-hidden=\"true\"><\/span><\/div><\/div> <div class=\"glsr-review-date\"><span class=\"glsr-tag-value\">23 November, 2023<\/span><\/div>\n    \n    <div class=\"glsr-review-content\"><div class=\"glsr-tag-value\" data-expanded=\"false\"><p>Las papas estan muy ricas y la atenci&oacute;n fue excelente, la recomiendo &#128175;<\/p><\/div><\/div>\n    \n    <div class=\"glsr-review-author\"><span class=\"glsr-tag-value\">Juan Lopez<\/span><\/div>  \n    <div class=\"glsr-review-response\"><div class=\"glsr-tag-value\" data-expanded=\"false\"><div class=\"glsr-review-response-inner\"><p><strong>Response from Papas Locas<\/strong><\/p><p>Gracias por tu preferencia<\/p><\/div><\/div><\/div>\n<\/div>\n    <\/div>\n    \n<\/div><\/div><\/div>\n\t\t\t\t<\/div>\n\t\t\t\t<\/div>\n\t\t\t\t<\/div>\n\t\t\t\t<\/div>\n\t\t\t\t<\/div>\n\t\t\t\t\t<\/div>\n\t\t\t\t<\/div>\n\t\t<div class=\"elementor-element elementor-element-4d8f223 e-flex e-con-boxed wpr-particle-no wpr-jarallax-no wpr-parallax-no wpr-sticky-section-no wpr-equal-height-no e-con e-parent\" data-id=\"4d8f223\" data-element_type=\"container\" data-e-type=\"container\">\n\t\t\t\t\t<div class=\"e-con-inner\">\n\t\t<div class=\"elementor-element elementor-element-70dfc45 e-flex e-con-boxed wpr-particle-no wpr-jarallax-no wpr-parallax-no wpr-sticky-section-no wpr-equal-height-no e-con e-child\" data-id=\"70dfc45\" data-element_type=\"container\" data-e-type=\"container\">\n\t\t\t\t\t<div class=\"e-con-inner\">\n\t\t\t\t<div class=\"elementor-element elementor-element-f29049b has-text-align-left elementor-button-align-stretch elementor-widget elementor-widget-site_reviews\" data-id=\"f29049b\" data-element_type=\"widget\" data-e-type=\"widget\" data-widget_type=\"site_reviews.default\">\n\t\t\t\t<div class=\"elementor-widget-container\">\n\t\t\t\t\t<?xml encoding=\"utf-8\"?><div class=\"glsr-elementor-f29049b elementor-site-reviews\"><div class=\"glsr glsr-minimal\" id=\"glsr_jkngpwji\" data-from=\"elementor\" data-shortcode=\"site_reviews\" data-display=\"10\"><div class=\"glsr-reviews-wrap\">\n    <div class=\"glsr-reviews\">\n        <div class=\"glsr-review\" data-id=\"1104\" data-type=\"local\" id=\"review-1104\" data-assigned=\"[]\">\n    <div class=\"glsr-review-title\"><h4 class=\"glsr-tag-value\">Muy ricas<\/h4><\/div>\n    <div class=\"glsr-review-rating\"><div class=\"glsr-star-rating glsr-stars\" role=\"img\" aria-label=\"Rated 5 out of 5 stars\" data-rating=\"5\" data-reviews=\"0\"><span class=\"glsr-star glsr-star-full\" aria-hidden=\"true\"><\/span><span class=\"glsr-star glsr-star-full\" aria-hidden=\"true\"><\/span><span class=\"glsr-star glsr-star-full\" aria-hidden=\"true\"><\/span><span class=\"glsr-star glsr-star-full\" aria-hidden=\"true\"><\/span><span class=\"glsr-star glsr-star-full\" aria-hidden=\"true\"><\/span><\/div><\/div> <div class=\"glsr-review-date\"><span class=\"glsr-tag-value\">23 November, 2023<\/span><\/div>\n    \n    <div class=\"glsr-review-content\"><div class=\"glsr-tag-value\" data-expanded=\"false\"><p>Las papas estan muy ricas y la atenci&oacute;n fue excelente, la recomiendo &#128175;<\/p><\/div><\/div>\n    \n    <div class=\"glsr-review-author\"><span class=\"glsr-tag-value\">Juan Lopez<\/span><\/div>  \n    <div class=\"glsr-review-response\"><div class=\"glsr-tag-value\" data-expanded=\"false\"><div class=\"glsr-review-response-inner\"><p><strong>Response from Papas Locas<\/strong><\/p><p>Gracias por tu preferencia<\/p><\/div><\/div><\/div>\n<\/div>\n    <\/div>\n    \n<\/div><\/div><\/div>\n\t\t\t\t<\/div>\n\t\t\t\t<\/div>\n\t\t\t\t\t<\/div>\n\t\t\t\t<\/div>\n\t\t\t\t<div class=\"elementor-element elementor-element-081fd80 elementor-button-align-stretch elementor-widget elementor-widget-site_reviews_form\" data-id=\"081fd80\" data-element_type=\"widget\" data-e-type=\"widget\" data-widget_type=\"site_reviews_form.default\">\n\t\t\t\t<div class=\"elementor-widget-container\">\n\t\t\t\t\t<?xml encoding=\"utf-8\"?><div class=\"glsr-elementor-081fd80 elementor-site-reviews-form\"><div class=\"glsr glsr-minimal\" id=\"glsr_nhiuncwy\" data-from=\"elementor\" data-shortcode=\"site_reviews_form\"><div class=\"glsr-form-wrap\">\n    <form class=\"glsr-form glsr-review-form\" method=\"post\" enctype=\"multipart\/form-data\">\n        <input type=\"hidden\" name=\"site-reviews[_action]\" value=\"submit-review\">\n<input type=\"hidden\" name=\"site-reviews[_nonce]\" value=\"7a874fb40e\">\n<input type=\"hidden\" name=\"site-reviews[_post_id]\" value=\"142\">\n<input type=\"hidden\" name=\"site-reviews[_referer]\" value=\"\">\n<input type=\"hidden\" name=\"site-reviews[assigned_posts]\" value=\"\">\n<input type=\"hidden\" name=\"site-reviews[assigned_terms]\" value=\"\">\n<input type=\"hidden\" name=\"site-reviews[assigned_users]\" value=\"\">\n<input type=\"hidden\" name=\"site-reviews[excluded]\" value=\"\">\n<input type=\"hidden\" name=\"site-reviews[form_id]\" value=\"glsr_nhiuncwy\">\n<input type=\"hidden\" name=\"site-reviews[form_signature]\" value=\"FAIz_LRVKsea1252xjcxL506DM761ntnRI2B5spV4TA1N_2mUUtsxVltyJU4mDsKGVE1qlrrmfa_foc48chANimrmNQG-w3KT9pnn77vkYFuxiqeu7FweXO1k6hDuSuPr2JHJFDu9-OGAjAxQUB73YdMeId1H7Eq9C0YCuFTy2ZARKq8Fr-Rh73tl3v07hIhfdsPCHRAcN4b1H08AhNVcl32ctQx39E4Lnj4I_OOKFHGD3y4zmefLX_YM9k9qseYRxtrxTuKWiKPzbJePck4jhN_AgkxYhNodp1ik5Hvdn-Mc8Hay1eK3OQwLzLvXEMGavS9YYOOp_O8JTxEmc9X2aZhVRRgtqBEaBGCdxWtQUi_vbgk2nrnEd5pQMu3Fhz6l4Yw_kL31_DKUq9A8NN9PQcZ5sb9tEk_l6TRqFUUmLkLhryCovGdXKaa_A\">\n<input type=\"hidden\" name=\"site-reviews[terms_exist]\" value=\"1\">\n<div class=\"glsr-field\" style=\"display:none;\"><label for=\"site-reviews-79053b67-glsr_nhiuncwy\">Your review<\/label><input type=\"text\" class=\"glsr-input glsr-input-text\" id=\"site-reviews-79053b67-glsr_nhiuncwy\" name=\"site-reviews[79053b67]\" value=\"\"><\/div>\n<div class=\"glsr-field glsr-field-rating glsr-required\" data-field=\"rating\" data-type=\"rating\">\n    <label class=\"glsr-label\" for=\"glsr_nhiuncwy-rating\">\n    <span>Your overall rating<\/span>\n<\/label>\n    <select class=\"browser-default disable-select glsr-select no-wrap no_wrap\" id=\"glsr_nhiuncwy-rating\" name=\"site-reviews[rating]\" required><option value=\"\">Select a Rating<\/option><option value=\"5\">5 Stars<\/option><option value=\"4\">4 Stars<\/option><option value=\"3\">3 Stars<\/option><option value=\"2\">2 Stars<\/option><option value=\"1\">1 Star<\/option><\/select>\n    <div class=\"glsr-field-error\"><\/div>\n<\/div>\n<div class=\"glsr-field glsr-field-text glsr-required\" data-field=\"title\" data-type=\"text\">\n    <label class=\"glsr-label\" for=\"glsr_nhiuncwy-title\">\n    <span>Title of your review<\/span>\n<\/label>\n    <input type=\"text\" class=\"glsr-input glsr-input-text\" id=\"glsr_nhiuncwy-title\" name=\"site-reviews[title]\" required placeholder=\"Summarize your review or highlight an interesting detail\" value=\"\">\n    <div class=\"glsr-field-error\"><\/div>\n<\/div>\n<div class=\"glsr-field glsr-field-textarea glsr-required\" data-field=\"content\" data-type=\"textarea\">\n    <label class=\"glsr-label\" for=\"glsr_nhiuncwy-content\">\n    <span>Your review<\/span>\n<\/label>\n    <textarea class=\"glsr-textarea\" id=\"glsr_nhiuncwy-content\" name=\"site-reviews[content]\" required placeholder=\"Tell people your review\" rows=\"5\"><\/textarea>\n    <div class=\"glsr-field-error\"><\/div>\n<\/div>\n<div class=\"glsr-field glsr-field-text glsr-required\" data-field=\"name\" data-type=\"text\">\n    <label class=\"glsr-label\" for=\"glsr_nhiuncwy-name\">\n    <span>Your name<\/span>\n<\/label>\n    <input type=\"text\" class=\"glsr-input glsr-input-text\" id=\"glsr_nhiuncwy-name\" name=\"site-reviews[name]\" required placeholder=\"Tell us your name\" value=\"\">\n    <div class=\"glsr-field-error\"><\/div>\n<\/div>\n<div class=\"glsr-field glsr-field-email glsr-required\" data-field=\"email\" data-type=\"email\">\n    <label class=\"glsr-label\" for=\"glsr_nhiuncwy-email\">\n    <span>Your email<\/span>\n<\/label>\n    <input type=\"email\" class=\"glsr-input glsr-input-email\" id=\"glsr_nhiuncwy-email\" name=\"site-reviews[email]\" required placeholder=\"Tell us your email\" value=\"\">\n    <div class=\"glsr-field-error\"><\/div>\n<\/div>\n<div class=\"glsr-field glsr-field-choice glsr-required\" data-field=\"terms\" data-type=\"toggle\">\n    \n    <div class=\"glsr-field-subgroup\">\n        <span class=\"glsr-field-toggle\">\n    <span>\n        <span class=\"glsr-toggle\"><input type=\"checkbox\" class=\"glsr-input-toggle\" id=\"glsr_nhiuncwy-terms-1\" name=\"site-reviews[terms]\" required value=\"1\"><span class=\"glsr-toggle-track\"><\/span><\/span>\n    <\/span>\n    <label for=\"glsr_nhiuncwy-terms-1\">This review is based on my own experience and is my genuine opinion.<\/label>\n<\/span>\n    <\/div>\n    <div class=\"glsr-field-error\"><\/div>\n<\/div>\n        <div class=\"glsr-form-message\">\n    \n<\/div>\n        <div data-field=\"submit-button\">\n    <div class=\"wp-block-buttons is-layout-flex\">\n        <div class=\"wp-block-button\">\n            <button type=\"submit\" class=\"glsr-button wp-block-button__link wp-element-button\" aria-busy=\"false\" data-loading=\"Submitting, please wait...\">Submit Review<\/button>\n        <\/div>\n    <\/div>\n<\/div>\n    <\/form>\n<\/div><\/div><\/div>\n\t\t\t\t<\/div>\n\t\t\t\t<\/div>\n\t\t\t\t\t<\/div>\n\t\t\t\t<\/div>\n\t\t<div class=\"elementor-element elementor-element-c17dcdf e-flex e-con-boxed wpr-particle-no wpr-jarallax-no wpr-parallax-no wpr-sticky-section-no wpr-equal-height-no e-con e-parent\" data-id=\"c17dcdf\" data-element_type=\"container\" data-e-type=\"container\">\n\t\t\t\t\t<div class=\"e-con-inner\">\n\t\t<div class=\"elementor-element elementor-element-6abc8a8 e-con-full e-flex wpr-particle-no wpr-jarallax-no wpr-parallax-no wpr-sticky-section-no wpr-equal-height-no e-con e-child\" data-id=\"6abc8a8\" data-element_type=\"container\" data-e-type=\"container\">\n\t\t\t\t<div class=\"elementor-element elementor-element-892da84 elementor-widget elementor-widget-image\" data-id=\"892da84\" data-element_type=\"widget\" data-e-type=\"widget\" data-widget_type=\"image.default\">\n\t\t\t\t<div class=\"elementor-widget-container\">\n\t\t\t\t\t\t\t\t\t\t\t\t\t\t\t<img fetchpriority=\"high\" decoding=\"async\" width=\"500\" height=\"500\" src=\"https:\/\/papas-locas.com\/wp-content\/uploads\/2023\/11\/image-removebg-preview-4.png\" class=\"attachment-large size-large wp-image-963\" alt=\"\" srcset=\"https:\/\/papas-locas.com\/wp-content\/uploads\/2023\/11\/image-removebg-preview-4.png 500w, https:\/\/papas-locas.com\/wp-content\/uploads\/2023\/11\/image-removebg-preview-4-300x300.png 300w, https:\/\/papas-locas.com\/wp-content\/uploads\/2023\/11\/image-removebg-preview-4-150x150.png 150w\" sizes=\"(max-width: 500px) 100vw, 500px\" \/>\t\t\t\t\t\t\t\t\t\t\t\t\t\t\t<\/div>\n\t\t\t\t<\/div>\n\t\t\t\t<\/div>\n\t\t\t\t\t<\/div>\n\t\t\t\t<\/div>\n\t\t<div class=\"elementor-element elementor-element-1ec61e6 e-flex e-con-boxed wpr-particle-no wpr-jarallax-no wpr-parallax-no wpr-sticky-section-no wpr-equal-height-no e-con e-parent\" data-id=\"1ec61e6\" data-element_type=\"container\" data-e-type=\"container\" data-settings=\"{&quot;background_background&quot;:&quot;classic&quot;}\">\n\t\t\t\t\t<div class=\"e-con-inner\">\n\t\t<div class=\"elementor-element elementor-element-e855442 e-flex e-con-boxed wpr-particle-no wpr-jarallax-no wpr-parallax-no wpr-sticky-section-no wpr-equal-height-no e-con e-child\" data-id=\"e855442\" data-element_type=\"container\" data-e-type=\"container\" data-settings=\"{&quot;background_background&quot;:&quot;classic&quot;}\">\n\t\t\t\t\t<div class=\"e-con-inner\">\n\t\t<div class=\"elementor-element elementor-element-f3debc0 e-con-full e-flex wpr-particle-no wpr-jarallax-no wpr-parallax-no wpr-sticky-section-no wpr-equal-height-no e-con e-child\" data-id=\"f3debc0\" data-element_type=\"container\" data-e-type=\"container\">\n\t\t\t\t<div class=\"elementor-element elementor-element-5f93088 elementor-widget elementor-widget-heading\" data-id=\"5f93088\" data-element_type=\"widget\" data-e-type=\"widget\" data-widget_type=\"heading.default\">\n\t\t\t\t<div class=\"elementor-widget-container\">\n\t\t\t\t\t<h2 class=\"elementor-heading-title elementor-size-default\">Cont\u00e1ctanos<\/h2>\t\t\t\t<\/div>\n\t\t\t\t<\/div>\n\t\t\t\t<div class=\"elementor-element elementor-element-ff18f2a elementor-widget elementor-widget-text-editor\" data-id=\"ff18f2a\" data-element_type=\"widget\" data-e-type=\"widget\" data-widget_type=\"text-editor.default\">\n\t\t\t\t<div class=\"elementor-widget-container\">\n\t\t\t\t\t\t\t\t\t<p><span style=\"font-weight: 400;\">Correo: 23papaslocas@gmail.com<\/span><\/p><p><span style=\"font-weight: 400;\">Jueves y viernes, a partir de las 02:00 p.m.\u00a0<\/span><\/p><p><span style=\"font-weight: 400;\">S\u00e1bado y domingo todo el d\u00eda, hasta las 11:00 p.m. <\/span><\/p>\t\t\t\t\t\t\t\t<\/div>\n\t\t\t\t<\/div>\n\t\t\t\t<div class=\"elementor-element elementor-element-95b28c6 elementor-widget elementor-widget-heading\" data-id=\"95b28c6\" data-element_type=\"widget\" data-e-type=\"widget\" data-widget_type=\"heading.default\">\n\t\t\t\t<div class=\"elementor-widget-container\">\n\t\t\t\t\t<h6 class=\"elementor-heading-title elementor-size-default\">Ll\u00e1manos<\/h6>\t\t\t\t<\/div>\n\t\t\t\t<\/div>\n\t\t\t\t<div class=\"elementor-element elementor-element-f1c0c33 elementor-widget elementor-widget-heading\" data-id=\"f1c0c33\" data-element_type=\"widget\" data-e-type=\"widget\" data-widget_type=\"heading.default\">\n\t\t\t\t<div class=\"elementor-widget-container\">\n\t\t\t\t\t<div class=\"elementor-heading-title elementor-size-default\"><a href=\"tel:+15599817622\">5599817622\n<\/a><\/div>\t\t\t\t<\/div>\n\t\t\t\t<\/div>\n\t\t\t\t<\/div>\n\t\t\t\t\t<\/div>\n\t\t\t\t<\/div>\n\t\t\t\t\t<\/div>\n\t\t\t\t<\/div>\n\t\t\t\t<\/div>\n\t\t","protected":false},"excerpt":{"rendered":"<p>Testimonial Lo que dicen nuestros clientes Aqu\u00ed estan los comentarios de quienes prueban nuestras delicias 4.8\/5 &#xE934;&#xE934;&#xE934;&#xE934;&#xE934; 4.8\/5 Costumer&#8217;s Rating Muy ricas Rated 5.0 out of 5 23 noviembre, 2023 Las papas estan muy ricas y la atenci\u00f3n fue excelente, la recomiendo \ud83d\udcaf Juan Lopez Muy ricas Rated 5.0 out of 5 23 noviembre, 2023 Las papas estan muy ricas y la atenci\u00f3n fue excelente, la recomiendo \ud83d\udcaf Juan Lopez Your review Your overall rating Select a Rating5 Stars4 Stars3 Stars2 Stars1 Star Title of your review Your review Your name Your email This review is based on my own experience and is my genuine opinion. &#8203; Submit your review Cont\u00e1ctanos Correo: 23papaslocas@gmail.com Jueves y viernes, a partir de las 02:00 p.m.\u00a0 S\u00e1bado y domingo todo el d\u00eda, hasta las 11:00 p.m. Ll\u00e1manos 5599817622<\/p>\n","protected":false},"author":1,"featured_media":0,"parent":0,"menu_order":0,"comment_status":"closed","ping_status":"closed","template":"","meta":{"site-sidebar-layout":"no-sidebar","site-content-layout":"page-builder","ast-site-content-layout":"default","site-content-style":"default","site-sidebar-style":"default","ast-global-header-display":"","ast-banner-title-visibility":"","ast-main-header-display":"","ast-hfb-above-header-display":"","ast-hfb-below-header-display":"","ast-hfb-mobile-header-display":"","site-post-title":"disabled","ast-breadcrumbs-content":"","ast-featured-img":"disabled","footer-sml-layout":"","ast-disable-related-posts":"","theme-transparent-header-meta":"enabled","adv-header-id-meta":"","stick-header-meta":"","header-above-stick-meta":"","header-main-stick-meta":"","header-below-stick-meta":"","astra-migrate-meta-layouts":"default","ast-page-background-enabled":"default","ast-page-background-meta":{"desktop":{"background-color":"","background-image":"","background-repeat":"repeat","background-position":"center center","background-size":"auto","background-attachment":"scroll","background-type":"","background-media":"","overlay-type":"","overlay-color":"","overlay-opacity":"","overlay-gradient":""},"tablet":{"background-color":"","background-image":"","background-repeat":"repeat","background-position":"center center","background-size":"auto","background-attachment":"scroll","background-type":"","background-media":"","overlay-type":"","overlay-color":"","overlay-opacity":"","overlay-gradient":""},"mobile":{"background-color":"","background-image":"","background-repeat":"repeat","background-position":"center center","background-size":"auto","background-attachment":"scroll","background-type":"","background-media":"","overlay-type":"","overlay-color":"","overlay-opacity":"","overlay-gradient":""}},"ast-content-background-meta":{"desktop":{"background-color":"var(--ast-global-color-5)","background-image":"","background-repeat":"repeat","background-position":"center center","background-size":"auto","background-attachment":"scroll","background-type":"","background-media":"","overlay-type":"","overlay-color":"","overlay-opacity":"","overlay-gradient":""},"tablet":{"background-color":"var(--ast-global-color-5)","background-image":"","background-repeat":"repeat","background-position":"center center","background-size":"auto","background-attachment":"scroll","background-type":"","background-media":"","overlay-type":"","overlay-color":"","overlay-opacity":"","overlay-gradient":""},"mobile":{"background-color":"var(--ast-global-color-5)","background-image":"","background-repeat":"repeat","background-position":"center center","background-size":"auto","background-attachment":"scroll","background-type":"","background-media":"","overlay-type":"","overlay-color":"","overlay-opacity":"","overlay-gradient":""}},"_glsr_average":0,"_glsr_ranking":0,"_glsr_reviews":0,"footnotes":""},"class_list":["post-142","page","type-page","status-publish","hentry"],"_links":{"self":[{"href":"https:\/\/papas-locas.com\/index.php\/wp-json\/wp\/v2\/pages\/142","targetHints":{"allow":["GET"]}}],"collection":[{"href":"https:\/\/papas-locas.com\/index.php\/wp-json\/wp\/v2\/pages"}],"about":[{"href":"https:\/\/papas-locas.com\/index.php\/wp-json\/wp\/v2\/types\/page"}],"author":[{"embeddable":true,"href":"https:\/\/papas-locas.com\/index.php\/wp-json\/wp\/v2\/users\/1"}],"replies":[{"embeddable":true,"href":"https:\/\/papas-locas.com\/index.php\/wp-json\/wp\/v2\/comments?post=142"}],"version-history":[{"count":13,"href":"https:\/\/papas-locas.com\/index.php\/wp-json\/wp\/v2\/pages\/142\/revisions"}],"predecessor-version":[{"id":1117,"href":"https:\/\/papas-locas.com\/index.php\/wp-json\/wp\/v2\/pages\/142\/revisions\/1117"}],"wp:attachment":[{"href":"https:\/\/papas-locas.com\/index.php\/wp-json\/wp\/v2\/media?parent=142"}],"curies":[{"name":"wp","href":"https:\/\/api.w.org\/{rel}","templated":true}]}}